{"id":317,"date":"2020-12-05T16:15:34","date_gmt":"2020-12-05T16:15:34","guid":{"rendered":"https:\/\/prasannaoommen.de\/?page_id=317"},"modified":"2026-02-03T13:52:33","modified_gmt":"2026-02-03T13:52:33","slug":"kontakt","status":"publish","type":"page","link":"https:\/\/prasannaoommen.de\/en\/kontakt","title":{"rendered":"Contact"},"content":{"rendered":"<figure class=\"wp-block-image size-large\"><img fetchpriority=\"high\" decoding=\"async\" width=\"1024\" height=\"614\" src=\"https:\/\/prasannaoommen.de\/wp-content\/uploads\/2026\/02\/prasanna_oommen_cover_2026-1024x614.jpg\" alt=\"\" class=\"wp-image-3653\" srcset=\"https:\/\/prasannaoommen.de\/wp-content\/uploads\/2026\/02\/prasanna_oommen_cover_2026-1024x614.jpg 1024w, https:\/\/prasannaoommen.de\/wp-content\/uploads\/2026\/02\/prasanna_oommen_cover_2026-300x180.jpg 300w, https:\/\/prasannaoommen.de\/wp-content\/uploads\/2026\/02\/prasanna_oommen_cover_2026-768x461.jpg 768w, https:\/\/prasannaoommen.de\/wp-content\/uploads\/2026\/02\/prasanna_oommen_cover_2026-1536x922.jpg 1536w, https:\/\/prasannaoommen.de\/wp-content\/uploads\/2026\/02\/prasanna_oommen_cover_2026-18x12.jpg 18w, https:\/\/prasannaoommen.de\/wp-content\/uploads\/2026\/02\/prasanna_oommen_cover_2026.jpg 2000w\" sizes=\"(max-width: 1024px) 100vw, 1024px\" \/><\/figure>\n\n\n\n<p><strong>Prasanna Oommen<br><\/strong>M\u00fclheimer Freiheit 126<br>51063 Cologne<br><br><a href=\"mailto:mail@prasannaoommen.de\">mail@prasannaoommen.de<\/a><br>+49&nbsp;&nbsp;221 680890 42<br>www.prasannaoommen.de<br><\/p>\n\n\n\n<hr class=\"wp-block-separator has-css-opacity is-style-wide\"\/>\n\n\n\n<figure class=\"wp-block-image size-large\"><img decoding=\"async\" width=\"1024\" height=\"282\" src=\"https:\/\/prasannaoommen.de\/wp-content\/uploads\/2020\/03\/kontakt_head-1024x282.jpg\" alt=\"\" class=\"wp-image-103\" srcset=\"https:\/\/prasannaoommen.de\/wp-content\/uploads\/2020\/03\/kontakt_head-1024x282.jpg 1024w, https:\/\/prasannaoommen.de\/wp-content\/uploads\/2020\/03\/kontakt_head-300x83.jpg 300w, https:\/\/prasannaoommen.de\/wp-content\/uploads\/2020\/03\/kontakt_head-768x211.jpg 768w, https:\/\/prasannaoommen.de\/wp-content\/uploads\/2020\/03\/kontakt_head-1536x422.jpg 1536w, https:\/\/prasannaoommen.de\/wp-content\/uploads\/2020\/03\/kontakt_head.jpg 2000w\" sizes=\"(max-width: 1024px) 100vw, 1024px\" \/><\/figure>\n\n\n\n<h4 class=\"wp-block-heading\"><strong>People and places we like to work with<\/strong><\/h4>\n\n\n\n<p><a href=\"http:\/\/muelheimer-freiheit.com\" target=\"_blank\" rel=\"noreferrer noopener\"><strong>M\u00fclheimer Freiheit 126<\/strong><br><\/a>Sometimes everything is in place and all that is missing is the right venue \u2026<\/p>\n\n\n\n<p><a href=\"https:\/\/www.werbeagentur-von-morgen.de\/\" target=\"_blank\" rel=\"noreferrer noopener\"><strong>von morgen advertising agency<\/strong><br><\/a>F\u00fcr gro\u00dfe Kampagnen braucht es Dienstleister*innen, die diese Klaviatur beherrschen. Deswegen kooperieren wir bei gr\u00f6\u00dferen Projekten gerne mit diesen kompetenten Kolleg*innen. Seit 2021 bieten wir gemeinsam Fortbildungen im Bereich Politische Kommunikation an und freuen uns \u00fcber eine Zusammenarbeit, die nie Stillstand bedeutet, sondern stets den Mehrwert f\u00fcr die Rezipient*innen im Blick hat. (Kleiner Wermutstropfen: F\u00fcr uns in K\u00f6ln sitzen sie leider auf der falschen Rheinseite.)<\/p>\n\n\n\n<p class=\"has-black-color has-text-color\"><strong><a href=\"https:\/\/www.handan-kaymak.de\/\">Handan Kaymak,<\/a><\/strong><br>Diversit\u00e4tsorientierte Organisationsentwicklung und Prozessbegleitung in der Kultur und Bildung ist ein noch junges Feld, in dem es nicht viele Expert*innen mit der langj\u00e4hrigen Erfahrung &amp; Qualifikation von Handan Kaymak gibt. Deswegen freuen wir uns sehr, dass wir seit 1,5 Jahren mit ihr kooperieren und unsere Kompetenzen in gr\u00f6\u00dferen Auftr\u00e4gen b\u00fcndeln. (Netter Nebeneffekt: Dass Handan in der Schweiz lebt, ist ein hervorragender Grund f\u00fcr uns, Klausur- &amp; Konzeptionstreffen mal in die Schweizer Berge zu verlegen.)<\/p>\n\n\n\n<p id=\"bassam\"><strong><a href=\"https:\/\/www.bassam-ghazi.com\" target=\"_blank\" rel=\"noreferrer noopener\">Bassam Ghazi<\/a><br><\/strong>Bassam Ghazi is a drama teacher, director and diversity trainer. And he does all of these things extremely well. Bassam\u2019s and Prasanna\u2019s paths first crossed at the Zukunftsakademie NRW in 2015 \u2013 even though both had already been working for years in Cologne\u2019s M\u00fclheim district. <\/p>\n\n\n\n<p>Seitdem haben sich die beiden gegenseitig beraten, unterst\u00fctzt, empfohlen.&nbsp;Vor allem aber haben sie sich fachlich ausgetauscht: \u00dcber diskriminierungskritische k\u00fcnstlerische Arbeit, zur Frage der Repr\u00e4sentation im Kulturbetrieb und \u00fcber die H\u00fcrden der Neugestaltung in Kultureinrichtungen. Beim Reden, Tee trinken, Kritisieren und Lachen ist es nicht geblieben. Seit 2021 bieten Bassam und Prasanna gemeinsam Fortbildungen und Moderationen an, um  strukturell, k\u00fcnstlerisch und kollaborativ wirken zu k\u00f6nnen \u2013 mit ihrer Kompetenz, Expertise und einer geh\u00f6rigen Portion an Reflexionsf\u00e4higkeit. <\/p>\n\n\n\n<p id=\"imap\"><strong><a href=\"https:\/\/www.imap-institut.de\" target=\"_blank\" rel=\"noreferrer noopener\">IMAP Institut<\/a><br><\/strong>Mit IMAP verbindet uns die \u00dcberzeugung, dass Change Management in Institutionen u.a. auf einer soliden Beziehungsarbeit fu\u00dft. Seit 2018 arbeiten wir in gro\u00dfen Bundesprojekten im Bereich Organisationsentwicklung, Kommunikationsberatung und Politische Kommunikation gerne zusammen und freuen uns jedes Jahr aufs Neue, dass wir zusammen immer weitergehen. <\/p>\n\n\n\n<p><strong><a href=\"https:\/\/www.kik-wb.de\/kik\/kita-schulungen\/\" target=\"_blank\" rel=\"noreferrer noopener\">Das Kulturgetriebe<\/a> <\/strong><br>Das&nbsp;Kulturgetriebe&nbsp;steht f\u00fcr kulturelle Bildung, berufsqualifizierende Weiterbildung und bietet dar\u00fcber hinaus ein umfangreiches Beratungsangebot f\u00fcr Kreative&nbsp;und Non-Profit-Gr\u00fcnder*innen. Aber nicht nur das.&nbsp;Auch&nbsp;das&nbsp;K\u00f6lner Institut f\u00fcr Kulturarbeit und Weiterbildung,&nbsp;das Netzwerk&nbsp;szene kulturmanagement mit einem individualisierten Recruiting Angebot und&nbsp;die Vermietung von&nbsp;Atelierr\u00e4umen geh\u00f6ren dazu. Wir m\u00f6gen den Ort, die K\u00f6pfe dahinter und das, was sie tun.&nbsp;<\/p>\n\n\n\n<p><a rel=\"noreferrer noopener\" href=\"http:\/\/filter-design.de\" data-type=\"URL\" data-id=\"filter-design.de\" target=\"_blank\"><strong>Stefan Flach \u2013 filter design<\/strong><\/a><br>Little can be achieved without images and visualization \u2013 but even the best design is dependent on good communication. We greatly value the expert and interpersonal aspects of our longstanding, tried-and-tested cooperation with Stefan Flach \u2013 and not least because it\u2019s a pleasure to work with him.<\/p>\n\n\n\n<p id=\"ndm\"><strong><a href=\"https:\/\/www.neuemedienmacher.de\/\" target=\"_blank\" rel=\"noreferrer noopener\">Neue Deutsche Medienmacher*innen<\/a><\/strong><br>What we share with this association of media professionals is our commitment to greater diversity among decision-makers and the upcoming generation. And apart from the fact that Prasanna Oommen herself has been an active member for many years, we know many great and highly competent colleagues there with whom we have collaborated time and again in all kinds of different contexts for more than ten years now.<\/p>\n\n\n\n<hr class=\"wp-block-separator has-css-opacity is-style-wide\"\/>\n\n\n\n<h4 class=\"wp-block-heading\"><strong>Expert hosts and speakers<\/strong><\/h4>\n\n\n\n<p>Quality also means not claiming to be able to do everything, and reserving the right on occasion to say a polite \u201cno\u201d. Our network includes people who Prasanna knows professionally and personally and is therefore happy to recommend to others. To achieve the best possible match, we prefer to recommend these colleagues on a personal basis when Prasanna herself isn\u2019t free or is not the right fit for your project.<\/p>\n\n\n\n<hr class=\"wp-block-separator has-css-opacity is-style-wide\"\/>\n\n\n\n<h4 class=\"wp-block-heading\"><strong>Miscellaneous<\/strong><\/h4>\n\n\n\n<div class=\"wp-block-group\"><div class=\"wp-block-group__inner-container is-layout-flow wp-block-group-is-layout-flow\">\n<p>2021-2022<br><strong>Mentorin im Programm \u201eNDM goes Ruhrgebiet\u201c <\/strong><br>Client: Neue Deutsche Medienmacher (New German Media Professionals)<\/p>\n<\/div><\/div>\n\n\n\n<p>2019-2021 &nbsp;<br><strong>Expert at thematic forum entitled \u201cDas gro\u00dfe Wort vor Ort: starke Medien, starker Zusammenhalt, starke Demokratie\u201d (Doing all the talking at the local level: strong media, strong cohesion, strong democracy) within the framework of the Ruhr Conference<br><\/strong>Client: State Chancellery of North Rhine-Westphalia<\/p>\n\n\n\n<p>2020<br><strong>Juror and mentor for the fellowship programme \u201cCultural Journalism and Digital Media\u201d run by the Akademie Schloss Solitude<br><\/strong>Client: Akademie Schloss Solitude<\/p>\n\n\n\n<p>Since May 2020<br><strong>Mitglied im Fachbeirat von&nbsp;Interkultur Ruhr<br><\/strong>Client: Regionalverband Ruhr (Ruhr Regional Association)<\/p>\n\n\n\n<p>2021<br><strong>Jury member for \u201cKulturgestalten | Zukunftspreis f\u00fcr Kulturpolitik\u201d (Cultural Shapers \/ Future Prize for Cultural Policy)<br><\/strong>Auftraggeberin: Kulturpolitische Gesellschaft e.&nbsp;V.<\/p>\n\n\n\n<p>2021<br><strong>stellvertretende Kuratoriumsvorsitzende Akademie Schloss Solitude<br><\/strong>Auftraggeberin: Ministerpr\u00e4sident des Landes Baden-W\u00fcrttemberg<\/p>\n\n\n\n<p>seit 2022<br><strong>Jurymitglied \u00bbNeue Normalit\u00e4t\u00ab<br><\/strong>Auftraggeberin: Ministerium f\u00fcr Kultur und Wissenschaft Nordrhein-Westfalen2022<br><\/p>\n\n\n\n<p>seit 2022<br><strong>Jurymitglied \u00bb<\/strong>Kultur- und Kreativpilot*innen<strong>\u00ab<br><\/strong>Auftraggeberinnen: BMWK &amp; BKM<br><\/p>\n\n\n\n<p><br><\/p>\n\n\n\n<p><\/p>","protected":false},"excerpt":{"rendered":"<p>Prasanna OommenM\u00fclheimer Freiheit 12651063 K\u00f6ln mail@prasannaoommen.de+49&nbsp;&nbsp;221 680890 42www.prasannaoommen.de Menschen und Orte, mit denen wir gerne arbeiten M\u00fclheimer Freiheit 126Manchmal steht alles und es fehlt nur noch der richtige Ort \u2026 Werbeagentur von morgenF\u00fcr gro\u00dfe Kampagnen braucht es Dienstleister*innen, die diese Klaviatur beherrschen. Deswegen kooperieren wir bei gr\u00f6\u00dferen Projekten gerne mit diesen kompetenten Kolleg*innen. Seit 2021&hellip;<\/p>","protected":false},"author":1,"featured_media":0,"parent":0,"menu_order":0,"comment_status":"closed","ping_status":"closed","template":"","meta":{"footnotes":""},"class_list":["post-317","page","type-page","status-publish","hentry","comments-closed","no-comments"],"yoast_head":"<!-- This site is optimized with the Yoast SEO plugin v27.4 - https:\/\/yoast.com\/product\/yoast-seo-wordpress\/ -->\n<title>Kontaktm\u00f6glichkeiten Prasanna Oommen - moderating change<\/title>\n<meta name=\"description\" content=\"M\u00f6glichkeiten der Kontaktaufnahme mit dem B\u00fcro von Prasanna Oommen sowie Netzwerk, mit dem das B\u00fcro regelm\u00e4\u00dfig zusammenarbeitet.\" \/>\n<meta name=\"robots\" content=\"index, follow, max-snippet:-1, max-image-preview:large, max-video-preview:-1\" \/>\n<link rel=\"canonical\" href=\"https:\/\/prasannaoommen.de\/en\/kontakt\/\" \/>\n<meta property=\"og:locale\" content=\"en_GB\" \/>\n<meta property=\"og:type\" content=\"article\" \/>\n<meta property=\"og:title\" content=\"Kontaktm\u00f6glichkeiten Prasanna Oommen - moderating change\" \/>\n<meta property=\"og:description\" content=\"M\u00f6glichkeiten der Kontaktaufnahme mit dem B\u00fcro von Prasanna Oommen sowie Netzwerk, mit dem das B\u00fcro regelm\u00e4\u00dfig zusammenarbeitet.\" \/>\n<meta property=\"og:url\" content=\"https:\/\/prasannaoommen.de\/en\/kontakt\/\" \/>\n<meta property=\"og:site_name\" content=\"Prasanna Oommen\" \/>\n<meta property=\"article:modified_time\" content=\"2026-02-03T13:52:33+00:00\" \/>\n<meta property=\"og:image\" content=\"https:\/\/prasannaoommen.de\/wp-content\/uploads\/2026\/02\/prasanna_oommen_cover_2026.jpg\" \/>\n\t<meta property=\"og:image:width\" content=\"2000\" \/>\n\t<meta property=\"og:image:height\" content=\"1200\" \/>\n\t<meta property=\"og:image:type\" content=\"image\/jpeg\" \/>\n<meta name=\"twitter:card\" content=\"summary_large_image\" \/>\n<meta name=\"twitter:label1\" content=\"Estimated reading time\" \/>\n\t<meta name=\"twitter:data1\" content=\"5 minutes\" \/>\n<script type=\"application\/ld+json\" class=\"yoast-schema-graph\">{\"@context\":\"https:\\\/\\\/schema.org\",\"@graph\":[{\"@type\":\"WebPage\",\"@id\":\"https:\\\/\\\/prasannaoommen.de\\\/kontakt\",\"url\":\"https:\\\/\\\/prasannaoommen.de\\\/kontakt\",\"name\":\"Kontaktm\u00f6glichkeiten Prasanna Oommen - moderating change\",\"isPartOf\":{\"@id\":\"https:\\\/\\\/prasannaoommen.de\\\/#website\"},\"primaryImageOfPage\":{\"@id\":\"https:\\\/\\\/prasannaoommen.de\\\/kontakt#primaryimage\"},\"image\":{\"@id\":\"https:\\\/\\\/prasannaoommen.de\\\/kontakt#primaryimage\"},\"thumbnailUrl\":\"https:\\\/\\\/prasannaoommen.de\\\/wp-content\\\/uploads\\\/2026\\\/02\\\/prasanna_oommen_cover_2026-1024x614.jpg\",\"datePublished\":\"2020-12-05T16:15:34+00:00\",\"dateModified\":\"2026-02-03T13:52:33+00:00\",\"description\":\"M\u00f6glichkeiten der Kontaktaufnahme mit dem B\u00fcro von Prasanna Oommen sowie Netzwerk, mit dem das B\u00fcro regelm\u00e4\u00dfig zusammenarbeitet.\",\"breadcrumb\":{\"@id\":\"https:\\\/\\\/prasannaoommen.de\\\/kontakt#breadcrumb\"},\"inLanguage\":\"en-GB\",\"potentialAction\":[{\"@type\":\"ReadAction\",\"target\":[\"https:\\\/\\\/prasannaoommen.de\\\/kontakt\"]}]},{\"@type\":\"ImageObject\",\"inLanguage\":\"en-GB\",\"@id\":\"https:\\\/\\\/prasannaoommen.de\\\/kontakt#primaryimage\",\"url\":\"https:\\\/\\\/prasannaoommen.de\\\/wp-content\\\/uploads\\\/2026\\\/02\\\/prasanna_oommen_cover_2026-1024x614.jpg\",\"contentUrl\":\"https:\\\/\\\/prasannaoommen.de\\\/wp-content\\\/uploads\\\/2026\\\/02\\\/prasanna_oommen_cover_2026-1024x614.jpg\"},{\"@type\":\"BreadcrumbList\",\"@id\":\"https:\\\/\\\/prasannaoommen.de\\\/kontakt#breadcrumb\",\"itemListElement\":[{\"@type\":\"ListItem\",\"position\":1,\"name\":\"Startseite\",\"item\":\"https:\\\/\\\/prasannaoommen.de\\\/\"},{\"@type\":\"ListItem\",\"position\":2,\"name\":\"Kontakt\"}]},{\"@type\":\"WebSite\",\"@id\":\"https:\\\/\\\/prasannaoommen.de\\\/#website\",\"url\":\"https:\\\/\\\/prasannaoommen.de\\\/\",\"name\":\"Prasanna Oommen\",\"description\":\"moderating change\",\"publisher\":{\"@id\":\"https:\\\/\\\/prasannaoommen.de\\\/#organization\"},\"potentialAction\":[{\"@type\":\"SearchAction\",\"target\":{\"@type\":\"EntryPoint\",\"urlTemplate\":\"https:\\\/\\\/prasannaoommen.de\\\/?s={search_term_string}\"},\"query-input\":{\"@type\":\"PropertyValueSpecification\",\"valueRequired\":true,\"valueName\":\"search_term_string\"}}],\"inLanguage\":\"en-GB\"},{\"@type\":\"Organization\",\"@id\":\"https:\\\/\\\/prasannaoommen.de\\\/#organization\",\"name\":\"Prasanna Oommen\",\"url\":\"https:\\\/\\\/prasannaoommen.de\\\/\",\"logo\":{\"@type\":\"ImageObject\",\"inLanguage\":\"en-GB\",\"@id\":\"https:\\\/\\\/prasannaoommen.de\\\/#\\\/schema\\\/logo\\\/image\\\/\",\"url\":\"https:\\\/\\\/prasannaoommen.de\\\/wp-content\\\/uploads\\\/2020\\\/12\\\/prasanna_oommen_logo_sw.png\",\"contentUrl\":\"https:\\\/\\\/prasannaoommen.de\\\/wp-content\\\/uploads\\\/2020\\\/12\\\/prasanna_oommen_logo_sw.png\",\"width\":617,\"height\":114,\"caption\":\"Prasanna Oommen\"},\"image\":{\"@id\":\"https:\\\/\\\/prasannaoommen.de\\\/#\\\/schema\\\/logo\\\/image\\\/\"}}]}<\/script>\n<!-- \/ Yoast SEO plugin. -->","yoast_head_json":{"title":"Kontaktm\u00f6glichkeiten Prasanna Oommen - moderating change","description":"M\u00f6glichkeiten der Kontaktaufnahme mit dem B\u00fcro von Prasanna Oommen sowie Netzwerk, mit dem das B\u00fcro regelm\u00e4\u00dfig zusammenarbeitet.","robots":{"index":"index","follow":"follow","max-snippet":"max-snippet:-1","max-image-preview":"max-image-preview:large","max-video-preview":"max-video-preview:-1"},"canonical":"https:\/\/prasannaoommen.de\/en\/kontakt\/","og_locale":"en_GB","og_type":"article","og_title":"Kontaktm\u00f6glichkeiten Prasanna Oommen - moderating change","og_description":"M\u00f6glichkeiten der Kontaktaufnahme mit dem B\u00fcro von Prasanna Oommen sowie Netzwerk, mit dem das B\u00fcro regelm\u00e4\u00dfig zusammenarbeitet.","og_url":"https:\/\/prasannaoommen.de\/en\/kontakt\/","og_site_name":"Prasanna Oommen","article_modified_time":"2026-02-03T13:52:33+00:00","og_image":[{"width":2000,"height":1200,"url":"https:\/\/prasannaoommen.de\/wp-content\/uploads\/2026\/02\/prasanna_oommen_cover_2026.jpg","type":"image\/jpeg"}],"twitter_card":"summary_large_image","twitter_misc":{"Estimated reading time":"5 minutes"},"schema":{"@context":"https:\/\/schema.org","@graph":[{"@type":"WebPage","@id":"https:\/\/prasannaoommen.de\/kontakt","url":"https:\/\/prasannaoommen.de\/kontakt","name":"Kontaktm\u00f6glichkeiten Prasanna Oommen - moderating change","isPartOf":{"@id":"https:\/\/prasannaoommen.de\/#website"},"primaryImageOfPage":{"@id":"https:\/\/prasannaoommen.de\/kontakt#primaryimage"},"image":{"@id":"https:\/\/prasannaoommen.de\/kontakt#primaryimage"},"thumbnailUrl":"https:\/\/prasannaoommen.de\/wp-content\/uploads\/2026\/02\/prasanna_oommen_cover_2026-1024x614.jpg","datePublished":"2020-12-05T16:15:34+00:00","dateModified":"2026-02-03T13:52:33+00:00","description":"M\u00f6glichkeiten der Kontaktaufnahme mit dem B\u00fcro von Prasanna Oommen sowie Netzwerk, mit dem das B\u00fcro regelm\u00e4\u00dfig zusammenarbeitet.","breadcrumb":{"@id":"https:\/\/prasannaoommen.de\/kontakt#breadcrumb"},"inLanguage":"en-GB","potentialAction":[{"@type":"ReadAction","target":["https:\/\/prasannaoommen.de\/kontakt"]}]},{"@type":"ImageObject","inLanguage":"en-GB","@id":"https:\/\/prasannaoommen.de\/kontakt#primaryimage","url":"https:\/\/prasannaoommen.de\/wp-content\/uploads\/2026\/02\/prasanna_oommen_cover_2026-1024x614.jpg","contentUrl":"https:\/\/prasannaoommen.de\/wp-content\/uploads\/2026\/02\/prasanna_oommen_cover_2026-1024x614.jpg"},{"@type":"BreadcrumbList","@id":"https:\/\/prasannaoommen.de\/kontakt#breadcrumb","itemListElement":[{"@type":"ListItem","position":1,"name":"Startseite","item":"https:\/\/prasannaoommen.de\/"},{"@type":"ListItem","position":2,"name":"Kontakt"}]},{"@type":"WebSite","@id":"https:\/\/prasannaoommen.de\/#website","url":"https:\/\/prasannaoommen.de\/","name":"Prasanna Oommen","description":"moderating change","publisher":{"@id":"https:\/\/prasannaoommen.de\/#organization"},"potentialAction":[{"@type":"SearchAction","target":{"@type":"EntryPoint","urlTemplate":"https:\/\/prasannaoommen.de\/?s={search_term_string}"},"query-input":{"@type":"PropertyValueSpecification","valueRequired":true,"valueName":"search_term_string"}}],"inLanguage":"en-GB"},{"@type":"Organization","@id":"https:\/\/prasannaoommen.de\/#organization","name":"Prasanna Oommen","url":"https:\/\/prasannaoommen.de\/","logo":{"@type":"ImageObject","inLanguage":"en-GB","@id":"https:\/\/prasannaoommen.de\/#\/schema\/logo\/image\/","url":"https:\/\/prasannaoommen.de\/wp-content\/uploads\/2020\/12\/prasanna_oommen_logo_sw.png","contentUrl":"https:\/\/prasannaoommen.de\/wp-content\/uploads\/2020\/12\/prasanna_oommen_logo_sw.png","width":617,"height":114,"caption":"Prasanna Oommen"},"image":{"@id":"https:\/\/prasannaoommen.de\/#\/schema\/logo\/image\/"}}]}},"_links":{"self":[{"href":"https:\/\/prasannaoommen.de\/en\/wp-json\/wp\/v2\/pages\/317","targetHints":{"allow":["GET"]}}],"collection":[{"href":"https:\/\/prasannaoommen.de\/en\/wp-json\/wp\/v2\/pages"}],"about":[{"href":"https:\/\/prasannaoommen.de\/en\/wp-json\/wp\/v2\/types\/page"}],"author":[{"embeddable":true,"href":"https:\/\/prasannaoommen.de\/en\/wp-json\/wp\/v2\/users\/1"}],"replies":[{"embeddable":true,"href":"https:\/\/prasannaoommen.de\/en\/wp-json\/wp\/v2\/comments?post=317"}],"version-history":[{"count":56,"href":"https:\/\/prasannaoommen.de\/en\/wp-json\/wp\/v2\/pages\/317\/revisions"}],"predecessor-version":[{"id":3657,"href":"https:\/\/prasannaoommen.de\/en\/wp-json\/wp\/v2\/pages\/317\/revisions\/3657"}],"wp:attachment":[{"href":"https:\/\/prasannaoommen.de\/en\/wp-json\/wp\/v2\/media?parent=317"}],"curies":[{"name":"wp","href":"https:\/\/api.w.org\/{rel}","templated":true}]}}