{"id":54,"date":"2020-03-30T11:58:43","date_gmt":"2020-03-30T11:58:43","guid":{"rendered":"https:\/\/prasannaoommen.de\/?page_id=54"},"modified":"2021-03-30T09:22:05","modified_gmt":"2021-03-30T09:22:05","slug":"impressum","status":"publish","type":"page","link":"https:\/\/prasannaoommen.de\/en\/impressum","title":{"rendered":"Website credits"},"content":{"rendered":"<p>Information as per Section 5 of the German Telemedia Act (TMG):<br>Prasanna Oommen-Hirschberg<br>M\u00fclheimer Freiheit 128<br>51063 Cologne<\/p>\n\n\n\n<p><strong>Contact:<\/strong><br>Phone: +49 160 90188888<br>E-Mail: mail@prasannaoommen.de<\/p>\n\n\n\n<p><strong>Design \/ photography<\/strong><br>Stefan Flach | filter design<\/p>\n\n\n\n<p><strong>Photography<\/strong><br>Maj Rutten and others<\/p>\n\n\n\n<p><strong>Text \/ advice<\/strong><br>Daniel Quade | von morgen advertising agency<\/p>\n\n\n\n<p><strong>Programming \/ web consulting<\/strong><br>Ola Mura and Paul Mura <\/p>\n\n\n\n<p><strong>Translation<\/strong><br>Chris Cave<\/p>\n\n\n\n<p><strong>Liability for content<\/strong><br>As a service provider, we are responsible according to Section 7 Subsection 1 of the German Telemedia Act (TMG) for our own content on these pages in accordance with general laws. Pursuant to Sections 8 to 10 of the TMG, however, we are not obliged as a service provider to monitor transmitted or stored third-party information or to investigate circumstances that indicate unlawful activity. This does not affect our obligations to remove or block the use of information in accordance with general laws. However, any liability in this regard is only possible from the point in time at which we become aware of a specific legal violation. We will immediately remove this content if we become aware of any such legal violations.<\/p>\n\n\n\n<p><strong>Liability for links<\/strong><br>Our website contains links to the external websites of third parties over whose content we have no influence. We can therefore accept no liability for this third-party content. The respective provider or operator of the website in question is always responsible for the content on linked pages. At the time of linking, the linked pages were checked for possible legal violations. No illegal content was evident at the time the link was created. However, it is not reasonable to expect the content of the linked pages to be permanently monitored without any concrete evidence of a legal violation. We will remove such links immediately if we become aware of legal violations.<\/p>\n\n\n\n<p><strong>Copyright<\/strong><br>The content and works created on these pages by the website operator are subject to German copyright law. The reproduction, processing, distribution and any kind of use outside the boundaries of copyright law require the written permission of the respective author or creator. Downloads and copies of this website are permitted only for private, non-commercial use.<\/p>\n\n\n\n<p>Insofar as the content on this website was not created by the operator, the copyright rights of third parties are respected. In particular, third-party content is marked as such. If you should become aware of a copyright infringement nonetheless, please notify us accordingly. If we become aware of any legal violations we will remove such content immediately.<\/p>","protected":false},"excerpt":{"rendered":"<p>Angaben gem\u00e4\u00df \u00a7 5 TMG:Prasanna Oommen-HirschbergM\u00fclheimer Freiheit 12851063 K\u00f6ln Kontakt:Telefon: +49 160 90188888E-Mail: mail@prasannaoommen.de Gestaltung \/ FotografieStefan Flach | filter design FotografieMaj Rutten &amp; Andere Text \/ BeratungDaniel Quade | Werbeagentur von morgen Programmierung \/ WebberatungOla Mura &amp; Paul Mura \u00dcbersetzungChris Cave Haftung f\u00fcr InhalteAls Diensteanbieter sind wir gem\u00e4\u00df \u00a7 7 Abs.1 TMG f\u00fcr eigene&hellip;<\/p>","protected":false},"author":1,"featured_media":0,"parent":0,"menu_order":0,"comment_status":"closed","ping_status":"closed","template":"","meta":{"footnotes":""},"class_list":["post-54","page","type-page","status-publish","hentry","comments-closed","no-comments"],"yoast_head":"<!-- This site is optimized with the Yoast SEO plugin v27.4 - https:\/\/yoast.com\/product\/yoast-seo-wordpress\/ -->\n<title>Impressum der Website Prasanna Oommen - moderating change<\/title>\n<meta name=\"description\" content=\"Impressum der Website Prasanna Oommen moderating change - Moderation und Kommunikation B\u00fcro\" \/>\n<meta name=\"robots\" content=\"index, follow, max-snippet:-1, max-image-preview:large, max-video-preview:-1\" \/>\n<link rel=\"canonical\" href=\"https:\/\/prasannaoommen.de\/en\/impressum\/\" \/>\n<meta property=\"og:locale\" content=\"en_GB\" \/>\n<meta property=\"og:type\" content=\"article\" \/>\n<meta property=\"og:title\" content=\"Impressum der Website Prasanna Oommen - moderating change\" \/>\n<meta property=\"og:description\" content=\"Impressum der Website Prasanna Oommen moderating change - Moderation und Kommunikation B\u00fcro\" \/>\n<meta property=\"og:url\" content=\"https:\/\/prasannaoommen.de\/en\/impressum\/\" \/>\n<meta property=\"og:site_name\" content=\"Prasanna Oommen\" \/>\n<meta property=\"article:modified_time\" content=\"2021-03-30T09:22:05+00:00\" \/>\n<meta name=\"twitter:card\" content=\"summary_large_image\" \/>\n<meta name=\"twitter:label1\" content=\"Estimated reading time\" \/>\n\t<meta name=\"twitter:data1\" content=\"2 minutes\" \/>\n<script type=\"application\/ld+json\" class=\"yoast-schema-graph\">{\"@context\":\"https:\\\/\\\/schema.org\",\"@graph\":[{\"@type\":\"WebPage\",\"@id\":\"https:\\\/\\\/prasannaoommen.de\\\/impressum\",\"url\":\"https:\\\/\\\/prasannaoommen.de\\\/impressum\",\"name\":\"Impressum der Website Prasanna Oommen - moderating change\",\"isPartOf\":{\"@id\":\"https:\\\/\\\/prasannaoommen.de\\\/#website\"},\"datePublished\":\"2020-03-30T11:58:43+00:00\",\"dateModified\":\"2021-03-30T09:22:05+00:00\",\"description\":\"Impressum der Website Prasanna Oommen moderating change - Moderation und Kommunikation B\u00fcro\",\"breadcrumb\":{\"@id\":\"https:\\\/\\\/prasannaoommen.de\\\/impressum#breadcrumb\"},\"inLanguage\":\"en-GB\",\"potentialAction\":[{\"@type\":\"ReadAction\",\"target\":[\"https:\\\/\\\/prasannaoommen.de\\\/impressum\"]}]},{\"@type\":\"BreadcrumbList\",\"@id\":\"https:\\\/\\\/prasannaoommen.de\\\/impressum#breadcrumb\",\"itemListElement\":[{\"@type\":\"ListItem\",\"position\":1,\"name\":\"Startseite\",\"item\":\"https:\\\/\\\/prasannaoommen.de\\\/\"},{\"@type\":\"ListItem\",\"position\":2,\"name\":\"Impressum\"}]},{\"@type\":\"WebSite\",\"@id\":\"https:\\\/\\\/prasannaoommen.de\\\/#website\",\"url\":\"https:\\\/\\\/prasannaoommen.de\\\/\",\"name\":\"Prasanna Oommen\",\"description\":\"moderating change\",\"publisher\":{\"@id\":\"https:\\\/\\\/prasannaoommen.de\\\/#organization\"},\"potentialAction\":[{\"@type\":\"SearchAction\",\"target\":{\"@type\":\"EntryPoint\",\"urlTemplate\":\"https:\\\/\\\/prasannaoommen.de\\\/?s={search_term_string}\"},\"query-input\":{\"@type\":\"PropertyValueSpecification\",\"valueRequired\":true,\"valueName\":\"search_term_string\"}}],\"inLanguage\":\"en-GB\"},{\"@type\":\"Organization\",\"@id\":\"https:\\\/\\\/prasannaoommen.de\\\/#organization\",\"name\":\"Prasanna Oommen\",\"url\":\"https:\\\/\\\/prasannaoommen.de\\\/\",\"logo\":{\"@type\":\"ImageObject\",\"inLanguage\":\"en-GB\",\"@id\":\"https:\\\/\\\/prasannaoommen.de\\\/#\\\/schema\\\/logo\\\/image\\\/\",\"url\":\"https:\\\/\\\/prasannaoommen.de\\\/wp-content\\\/uploads\\\/2020\\\/12\\\/prasanna_oommen_logo_sw.png\",\"contentUrl\":\"https:\\\/\\\/prasannaoommen.de\\\/wp-content\\\/uploads\\\/2020\\\/12\\\/prasanna_oommen_logo_sw.png\",\"width\":617,\"height\":114,\"caption\":\"Prasanna Oommen\"},\"image\":{\"@id\":\"https:\\\/\\\/prasannaoommen.de\\\/#\\\/schema\\\/logo\\\/image\\\/\"}}]}<\/script>\n<!-- \/ Yoast SEO plugin. -->","yoast_head_json":{"title":"Impressum der Website Prasanna Oommen - moderating change","description":"Impressum der Website Prasanna Oommen moderating change - Moderation und Kommunikation B\u00fcro","robots":{"index":"index","follow":"follow","max-snippet":"max-snippet:-1","max-image-preview":"max-image-preview:large","max-video-preview":"max-video-preview:-1"},"canonical":"https:\/\/prasannaoommen.de\/en\/impressum\/","og_locale":"en_GB","og_type":"article","og_title":"Impressum der Website Prasanna Oommen - moderating change","og_description":"Impressum der Website Prasanna Oommen moderating change - Moderation und Kommunikation B\u00fcro","og_url":"https:\/\/prasannaoommen.de\/en\/impressum\/","og_site_name":"Prasanna Oommen","article_modified_time":"2021-03-30T09:22:05+00:00","twitter_card":"summary_large_image","twitter_misc":{"Estimated reading time":"2 minutes"},"schema":{"@context":"https:\/\/schema.org","@graph":[{"@type":"WebPage","@id":"https:\/\/prasannaoommen.de\/impressum","url":"https:\/\/prasannaoommen.de\/impressum","name":"Impressum der Website Prasanna Oommen - moderating change","isPartOf":{"@id":"https:\/\/prasannaoommen.de\/#website"},"datePublished":"2020-03-30T11:58:43+00:00","dateModified":"2021-03-30T09:22:05+00:00","description":"Impressum der Website Prasanna Oommen moderating change - Moderation und Kommunikation B\u00fcro","breadcrumb":{"@id":"https:\/\/prasannaoommen.de\/impressum#breadcrumb"},"inLanguage":"en-GB","potentialAction":[{"@type":"ReadAction","target":["https:\/\/prasannaoommen.de\/impressum"]}]},{"@type":"BreadcrumbList","@id":"https:\/\/prasannaoommen.de\/impressum#breadcrumb","itemListElement":[{"@type":"ListItem","position":1,"name":"Startseite","item":"https:\/\/prasannaoommen.de\/"},{"@type":"ListItem","position":2,"name":"Impressum"}]},{"@type":"WebSite","@id":"https:\/\/prasannaoommen.de\/#website","url":"https:\/\/prasannaoommen.de\/","name":"Prasanna Oommen","description":"moderating change","publisher":{"@id":"https:\/\/prasannaoommen.de\/#organization"},"potentialAction":[{"@type":"SearchAction","target":{"@type":"EntryPoint","urlTemplate":"https:\/\/prasannaoommen.de\/?s={search_term_string}"},"query-input":{"@type":"PropertyValueSpecification","valueRequired":true,"valueName":"search_term_string"}}],"inLanguage":"en-GB"},{"@type":"Organization","@id":"https:\/\/prasannaoommen.de\/#organization","name":"Prasanna Oommen","url":"https:\/\/prasannaoommen.de\/","logo":{"@type":"ImageObject","inLanguage":"en-GB","@id":"https:\/\/prasannaoommen.de\/#\/schema\/logo\/image\/","url":"https:\/\/prasannaoommen.de\/wp-content\/uploads\/2020\/12\/prasanna_oommen_logo_sw.png","contentUrl":"https:\/\/prasannaoommen.de\/wp-content\/uploads\/2020\/12\/prasanna_oommen_logo_sw.png","width":617,"height":114,"caption":"Prasanna Oommen"},"image":{"@id":"https:\/\/prasannaoommen.de\/#\/schema\/logo\/image\/"}}]}},"_links":{"self":[{"href":"https:\/\/prasannaoommen.de\/en\/wp-json\/wp\/v2\/pages\/54","targetHints":{"allow":["GET"]}}],"collection":[{"href":"https:\/\/prasannaoommen.de\/en\/wp-json\/wp\/v2\/pages"}],"about":[{"href":"https:\/\/prasannaoommen.de\/en\/wp-json\/wp\/v2\/types\/page"}],"author":[{"embeddable":true,"href":"https:\/\/prasannaoommen.de\/en\/wp-json\/wp\/v2\/users\/1"}],"replies":[{"embeddable":true,"href":"https:\/\/prasannaoommen.de\/en\/wp-json\/wp\/v2\/comments?post=54"}],"version-history":[{"count":7,"href":"https:\/\/prasannaoommen.de\/en\/wp-json\/wp\/v2\/pages\/54\/revisions"}],"predecessor-version":[{"id":1479,"href":"https:\/\/prasannaoommen.de\/en\/wp-json\/wp\/v2\/pages\/54\/revisions\/1479"}],"wp:attachment":[{"href":"https:\/\/prasannaoommen.de\/en\/wp-json\/wp\/v2\/media?parent=54"}],"curies":[{"name":"wp","href":"https:\/\/api.w.org\/{rel}","templated":true}]}}