{"id":56,"date":"2020-03-30T11:58:59","date_gmt":"2020-03-30T11:58:59","guid":{"rendered":"https:\/\/prasannaoommen.de\/?page_id=56"},"modified":"2021-07-01T18:27:03","modified_gmt":"2021-07-01T18:27:03","slug":"datenschutzerklaerung","status":"publish","type":"page","link":"https:\/\/prasannaoommen.de\/en\/datenschutzerklaerung","title":{"rendered":"Data privacy statement"},"content":{"rendered":"<p><strong>Data privacy<\/strong><br>The operators of this website take the protection of your personal data very seriously. We treat your personal data confidentially and in accordance with the legal data privacy regulations and this data privacy statement. Use of our website is normally possible without the need to provide any personal data. Insofar as personal data (e.g. name, address or e-mail address) are collected on our website, this is always done on a voluntary basis wherever possible. Without your explicit consent, these data will not be passed on to third parties. We ask you to note that data transmission on the internet (e.g. during communication by e-mail) can show security gaps. It is not possible to protect data completely against access from third parties.<\/p>\n\n\n\n<p><strong>Cookies<\/strong><br>Some internet pages use so-called cookies. Cookies do not harm your computer and do not contain viruses. Cookies make our website more user-friendly, effective and secure. Cookies are small text files that are stored on your computer and saved by your browser. Most of the cookies we use are known as session cookies that are automatically deleted at the end of your visit. Other cookies continue to be stored on your device until you delete them. These cookies allow us to recognize your browser when you next visit. You can set your browser so that you are informed about the setting of cookies and only permit cookies in individual cases, refuse to accept cookies in certain cases or in general, or activate the automatic deletion of cookies when you close your browser. Deactivating cookies may restrict the functionality of this website.<\/p>\n\n\n\n<p><strong>Google Analytics<\/strong><br>This website uses functions of the web analysis service Google Analytics. This service is provided by Google Inc., 1600 Amphitheatre Parkway Mountain View, CA 94043, USA. Google Analytics uses so-called cookies. These are text files that are stored on your computer and enable your use of the website to be analysed. The information about your use of this website that is generated by the cookie is normally transmitted to a Google server in the USA and saved there.<\/p>\n\n\n\n<p><strong>Browser plug-in<\/strong><br>You can prevent the storage of cookies by setting your browser software accordingly; however, we wish to point out that you may not in this case be able to take advantage of all the functions of this website to their full extent. In addition, you can prevent Google from collecting the data generated by the cookie and relating to your use of the website (including your IP address) and from processing these data by downloading and installing the browser plug-in available via the following link: https:\/\/tools.google.com\/dlpage\/gaoptout?hl=de<\/p>\n\n\n\n<p><strong>Objecting to data collection<\/strong><br>Sie k\u00f6nnen die Erfassung Ihrer Daten durch Google Analytics verhindern, indem Sie auf folgenden Link\u00a0klicken. Es wird ein Opt-Out-Cookie gesetzt, der die Erfassung Ihrer Daten bei zuk\u00fcnftigen Besuchen\u00a0dieser Website verhindert:\u00a0Mehr Informationen zum Umgang mit Nutzerdaten bei Google Analytics finden Sie in der Datenschutzerkl\u00e4rung von Google: https:\/\/support.google.com\/analytics\/answer\/6004245?hl=de<\/p>\n\n\n\n<p><strong>Facebook plug-ins (Like button)<\/strong><br>Our website uses plug-ins of the social network Facebook, provided by Facebook Inc., 1 Hacker Way, Menlo Park, California 94025, USA. The Facebook plug-ins can be recognized from the Facebook logo or the \u201cLike button\u201d on our website. An overview of the Facebook plug-ins can be found here: https:\/\/developers.facebook.com\/docs\/plugins\/. When you visit our website, the plug-in establishes a direct connection between your browser and the Facebook server. This provides Facebook with the information that you have visited our website using your IP address. If you click on the Facebook \u201cLike button\u201d while logged in to your Facebook account, you can link the content of our website to your Facebook profile. This enables Facebook to assign your visit to our website to your user account. We would like to point out that as website provider we have no knowledge of the content of the transmitted data or of its use by Facebook. Further information can be found in Facebook\u2019s data policy at https:\/\/de-de.facebook.com\/policy.php. If you do not want Facebook to be able to link your visit to our website to your Facebook user account, please log out of your Facebook user account.<\/p>\n\n\n\n<p><strong>Twitter<\/strong><br>Functions of the Twitter service are integrated into our web pages. These functions are provided by Twitter Inc., 1355 Market Street, Suite 900, San Francisco, CA 94103, USA. By using Twitter and the \u201cretweet\u201d function, the websites you visit are linked to your Twitter account and made known to other users. This data is also passed on to Twitter. We would like to point out that as website provider we have no knowledge of the content of the transmitted data or of its use by Twitter. Further information can be found in Twitter\u2018s privacy policy at https:\/\/twitter.com\/privacy. You can change your data protection settings on Twitter in the account settings at: https:\/\/twitter.com\/account\/settings.<\/p>\n\n\n\n<p><strong>LinkedIn<\/strong><br>Our website uses functions of the LinkedIn network provided by the LinkedIn Corporation, 2029 Stierlin Court, Mountain View, CA 94043, USA. Every time one of our pages that contains LinkedIn functions is accessed, a connection to LinkedIn\u2019s servers is established. LinkedIn is informed that you have visited our web pages with your IP address. If you click on LinkedIn\u2018s \u201cRecommend button\u201d while logged into your LinkedIn account, it is possible for LinkedIn to assign your visit to our website to you and your user account. We would like to point out that as website provider we have no knowledge of the content of the transmitted data or of its use by LinkedIn. Further information can be found in LinkedIn\u2019s privacy policy at: https:\/\/www.linkedin.com\/legal\/privacy-policy<\/p>\n\n\n\n<p><strong>SSL encryption<\/strong><br>For reasons of security and to protect the transmission of confidential content such as the enquiries you send to us as the website operator, this website uses SSL encryption. You can recognize an encrypted connection by the fact that the address line of your browser switches from \u201chttp:\/\/\u201d to \u201chttps:\/\/\u201d and by the lock symbol displayed in your browser line. When SSL encryption is activated, the data you send to us cannot be read by third parties.<\/p>\n\n\n\n<p><strong>Objecting to advertising e-mails<\/strong><br>We hereby oppose the use of the contact data published in the mandatory website credits for the sending of unsolicited advertising and information material. The operators of this website expressly reserve the right to take legal action in the event of unsolicited sending of advertising information, e.g. in the form of spam e-mails.<\/p>","protected":false},"excerpt":{"rendered":"<p>DatenschutzDie Betreiber dieser Seiten nehmen den Schutz Ihrer pers\u00f6nlichen Daten sehr ernst. Wir behandeln Ihre&nbsp;personenbezogenen Daten vertraulich und entsprechend der gesetzlichen Datenschutzvorschriften sowie&nbsp;dieser Datenschutzerkl\u00e4rung.&nbsp;Die Nutzung unserer Website ist in der Regel ohne Angabe personenbezogener Daten m\u00f6glich. Soweit&nbsp;auf unseren Seiten personenbezogene Daten (beispielsweise Name, Anschrift oder E-Mail-Adressen)&nbsp;erhoben werden, erfolgt dies, soweit m\u00f6glich, stets auf freiwilliger Basis.&hellip;<\/p>","protected":false},"author":1,"featured_media":0,"parent":0,"menu_order":0,"comment_status":"closed","ping_status":"closed","template":"","meta":{"footnotes":""},"class_list":["post-56","page","type-page","status-publish","hentry","comments-closed","no-comments"],"yoast_head":"<!-- This site is optimized with the Yoast SEO plugin v27.4 - https:\/\/yoast.com\/product\/yoast-seo-wordpress\/ -->\n<title>Datenschutzerkl\u00e4rung Website Prasanna Oommen moderating change<\/title>\n<meta name=\"description\" content=\"Datenschutzerkl\u00e4rung f\u00fcr die Seite www.prasannaoommen.de des B\u00fcros von Prasanna Oommen, die Datenschutz, Cookies, etc. umfasst.\" \/>\n<meta name=\"robots\" content=\"index, follow, max-snippet:-1, max-image-preview:large, max-video-preview:-1\" \/>\n<link rel=\"canonical\" href=\"https:\/\/prasannaoommen.de\/en\/datenschutzerklaerung\/\" \/>\n<meta property=\"og:locale\" content=\"en_GB\" \/>\n<meta property=\"og:type\" content=\"article\" \/>\n<meta property=\"og:title\" content=\"Datenschutzerkl\u00e4rung Website Prasanna Oommen moderating change\" \/>\n<meta property=\"og:description\" content=\"Datenschutzerkl\u00e4rung f\u00fcr die Seite www.prasannaoommen.de des B\u00fcros von Prasanna Oommen, die Datenschutz, Cookies, etc. umfasst.\" \/>\n<meta property=\"og:url\" content=\"https:\/\/prasannaoommen.de\/en\/datenschutzerklaerung\/\" \/>\n<meta property=\"og:site_name\" content=\"Prasanna Oommen\" \/>\n<meta property=\"article:modified_time\" content=\"2021-07-01T18:27:03+00:00\" \/>\n<meta name=\"twitter:card\" content=\"summary_large_image\" \/>\n<meta name=\"twitter:label1\" content=\"Estimated reading time\" \/>\n\t<meta name=\"twitter:data1\" content=\"4 minutes\" \/>\n<script type=\"application\/ld+json\" class=\"yoast-schema-graph\">{\"@context\":\"https:\\\/\\\/schema.org\",\"@graph\":[{\"@type\":\"WebPage\",\"@id\":\"https:\\\/\\\/prasannaoommen.de\\\/datenschutzerklaerung\",\"url\":\"https:\\\/\\\/prasannaoommen.de\\\/datenschutzerklaerung\",\"name\":\"Datenschutzerkl\u00e4rung Website Prasanna Oommen moderating change\",\"isPartOf\":{\"@id\":\"https:\\\/\\\/prasannaoommen.de\\\/#website\"},\"datePublished\":\"2020-03-30T11:58:59+00:00\",\"dateModified\":\"2021-07-01T18:27:03+00:00\",\"description\":\"Datenschutzerkl\u00e4rung f\u00fcr die Seite www.prasannaoommen.de des B\u00fcros von Prasanna Oommen, die Datenschutz, Cookies, etc. umfasst.\",\"breadcrumb\":{\"@id\":\"https:\\\/\\\/prasannaoommen.de\\\/datenschutzerklaerung#breadcrumb\"},\"inLanguage\":\"en-GB\",\"potentialAction\":[{\"@type\":\"ReadAction\",\"target\":[\"https:\\\/\\\/prasannaoommen.de\\\/datenschutzerklaerung\"]}]},{\"@type\":\"BreadcrumbList\",\"@id\":\"https:\\\/\\\/prasannaoommen.de\\\/datenschutzerklaerung#breadcrumb\",\"itemListElement\":[{\"@type\":\"ListItem\",\"position\":1,\"name\":\"Startseite\",\"item\":\"https:\\\/\\\/prasannaoommen.de\\\/\"},{\"@type\":\"ListItem\",\"position\":2,\"name\":\"Datenschutzerkl\u00e4rung\"}]},{\"@type\":\"WebSite\",\"@id\":\"https:\\\/\\\/prasannaoommen.de\\\/#website\",\"url\":\"https:\\\/\\\/prasannaoommen.de\\\/\",\"name\":\"Prasanna Oommen\",\"description\":\"moderating change\",\"publisher\":{\"@id\":\"https:\\\/\\\/prasannaoommen.de\\\/#organization\"},\"potentialAction\":[{\"@type\":\"SearchAction\",\"target\":{\"@type\":\"EntryPoint\",\"urlTemplate\":\"https:\\\/\\\/prasannaoommen.de\\\/?s={search_term_string}\"},\"query-input\":{\"@type\":\"PropertyValueSpecification\",\"valueRequired\":true,\"valueName\":\"search_term_string\"}}],\"inLanguage\":\"en-GB\"},{\"@type\":\"Organization\",\"@id\":\"https:\\\/\\\/prasannaoommen.de\\\/#organization\",\"name\":\"Prasanna Oommen\",\"url\":\"https:\\\/\\\/prasannaoommen.de\\\/\",\"logo\":{\"@type\":\"ImageObject\",\"inLanguage\":\"en-GB\",\"@id\":\"https:\\\/\\\/prasannaoommen.de\\\/#\\\/schema\\\/logo\\\/image\\\/\",\"url\":\"https:\\\/\\\/prasannaoommen.de\\\/wp-content\\\/uploads\\\/2020\\\/12\\\/prasanna_oommen_logo_sw.png\",\"contentUrl\":\"https:\\\/\\\/prasannaoommen.de\\\/wp-content\\\/uploads\\\/2020\\\/12\\\/prasanna_oommen_logo_sw.png\",\"width\":617,\"height\":114,\"caption\":\"Prasanna Oommen\"},\"image\":{\"@id\":\"https:\\\/\\\/prasannaoommen.de\\\/#\\\/schema\\\/logo\\\/image\\\/\"}}]}<\/script>\n<!-- \/ Yoast SEO plugin. -->","yoast_head_json":{"title":"Datenschutzerkl\u00e4rung Website Prasanna Oommen moderating change","description":"Datenschutzerkl\u00e4rung f\u00fcr die Seite www.prasannaoommen.de des B\u00fcros von Prasanna Oommen, die Datenschutz, Cookies, etc. umfasst.","robots":{"index":"index","follow":"follow","max-snippet":"max-snippet:-1","max-image-preview":"max-image-preview:large","max-video-preview":"max-video-preview:-1"},"canonical":"https:\/\/prasannaoommen.de\/en\/datenschutzerklaerung\/","og_locale":"en_GB","og_type":"article","og_title":"Datenschutzerkl\u00e4rung Website Prasanna Oommen moderating change","og_description":"Datenschutzerkl\u00e4rung f\u00fcr die Seite www.prasannaoommen.de des B\u00fcros von Prasanna Oommen, die Datenschutz, Cookies, etc. umfasst.","og_url":"https:\/\/prasannaoommen.de\/en\/datenschutzerklaerung\/","og_site_name":"Prasanna Oommen","article_modified_time":"2021-07-01T18:27:03+00:00","twitter_card":"summary_large_image","twitter_misc":{"Estimated reading time":"4 minutes"},"schema":{"@context":"https:\/\/schema.org","@graph":[{"@type":"WebPage","@id":"https:\/\/prasannaoommen.de\/datenschutzerklaerung","url":"https:\/\/prasannaoommen.de\/datenschutzerklaerung","name":"Datenschutzerkl\u00e4rung Website Prasanna Oommen moderating change","isPartOf":{"@id":"https:\/\/prasannaoommen.de\/#website"},"datePublished":"2020-03-30T11:58:59+00:00","dateModified":"2021-07-01T18:27:03+00:00","description":"Datenschutzerkl\u00e4rung f\u00fcr die Seite www.prasannaoommen.de des B\u00fcros von Prasanna Oommen, die Datenschutz, Cookies, etc. umfasst.","breadcrumb":{"@id":"https:\/\/prasannaoommen.de\/datenschutzerklaerung#breadcrumb"},"inLanguage":"en-GB","potentialAction":[{"@type":"ReadAction","target":["https:\/\/prasannaoommen.de\/datenschutzerklaerung"]}]},{"@type":"BreadcrumbList","@id":"https:\/\/prasannaoommen.de\/datenschutzerklaerung#breadcrumb","itemListElement":[{"@type":"ListItem","position":1,"name":"Startseite","item":"https:\/\/prasannaoommen.de\/"},{"@type":"ListItem","position":2,"name":"Datenschutzerkl\u00e4rung"}]},{"@type":"WebSite","@id":"https:\/\/prasannaoommen.de\/#website","url":"https:\/\/prasannaoommen.de\/","name":"Prasanna Oommen","description":"moderating change","publisher":{"@id":"https:\/\/prasannaoommen.de\/#organization"},"potentialAction":[{"@type":"SearchAction","target":{"@type":"EntryPoint","urlTemplate":"https:\/\/prasannaoommen.de\/?s={search_term_string}"},"query-input":{"@type":"PropertyValueSpecification","valueRequired":true,"valueName":"search_term_string"}}],"inLanguage":"en-GB"},{"@type":"Organization","@id":"https:\/\/prasannaoommen.de\/#organization","name":"Prasanna Oommen","url":"https:\/\/prasannaoommen.de\/","logo":{"@type":"ImageObject","inLanguage":"en-GB","@id":"https:\/\/prasannaoommen.de\/#\/schema\/logo\/image\/","url":"https:\/\/prasannaoommen.de\/wp-content\/uploads\/2020\/12\/prasanna_oommen_logo_sw.png","contentUrl":"https:\/\/prasannaoommen.de\/wp-content\/uploads\/2020\/12\/prasanna_oommen_logo_sw.png","width":617,"height":114,"caption":"Prasanna Oommen"},"image":{"@id":"https:\/\/prasannaoommen.de\/#\/schema\/logo\/image\/"}}]}},"_links":{"self":[{"href":"https:\/\/prasannaoommen.de\/en\/wp-json\/wp\/v2\/pages\/56","targetHints":{"allow":["GET"]}}],"collection":[{"href":"https:\/\/prasannaoommen.de\/en\/wp-json\/wp\/v2\/pages"}],"about":[{"href":"https:\/\/prasannaoommen.de\/en\/wp-json\/wp\/v2\/types\/page"}],"author":[{"embeddable":true,"href":"https:\/\/prasannaoommen.de\/en\/wp-json\/wp\/v2\/users\/1"}],"replies":[{"embeddable":true,"href":"https:\/\/prasannaoommen.de\/en\/wp-json\/wp\/v2\/comments?post=56"}],"version-history":[{"count":7,"href":"https:\/\/prasannaoommen.de\/en\/wp-json\/wp\/v2\/pages\/56\/revisions"}],"predecessor-version":[{"id":1606,"href":"https:\/\/prasannaoommen.de\/en\/wp-json\/wp\/v2\/pages\/56\/revisions\/1606"}],"wp:attachment":[{"href":"https:\/\/prasannaoommen.de\/en\/wp-json\/wp\/v2\/media?parent=56"}],"curies":[{"name":"wp","href":"https:\/\/api.w.org\/{rel}","templated":true}]}}