{"id":8,"date":"2020-03-30T11:17:55","date_gmt":"2020-03-30T11:17:55","guid":{"rendered":"https:\/\/prasannaoommen.de\/?page_id=8"},"modified":"2021-01-29T12:18:57","modified_gmt":"2021-01-29T12:18:57","slug":"startseite","status":"publish","type":"page","link":"https:\/\/prasannaoommen.de\/en\/startseite","title":{"rendered":"moderating change"},"content":{"rendered":"<div data-elementor-type=\"wp-page\" data-elementor-id=\"8\" class=\"elementor elementor-8\">\n\t\t\t\t\t\t<section class=\"elementor-section elementor-top-section elementor-element elementor-element-9315561 elementor-section-stretched elementor-section-boxed elementor-section-height-default elementor-section-height-default\" data-id=\"9315561\" data-element_type=\"section\" data-e-type=\"section\" data-settings=\"{&quot;stretch_section&quot;:&quot;section-stretched&quot;,&quot;background_background&quot;:&quot;classic&quot;}\">\n\t\t\t\t\t\t<div class=\"elementor-container elementor-column-gap-default\">\n\t\t\t\t\t<div class=\"elementor-column elementor-col-100 elementor-top-column elementor-element elementor-element-c0748ba\" data-id=\"c0748ba\" data-element_type=\"column\" data-e-type=\"column\">\n\t\t\t<div class=\"elementor-widget-wrap elementor-element-populated\">\n\t\t\t\t\t\t<section class=\"elementor-section elementor-inner-section elementor-element elementor-element-027056a elementor-section-boxed elementor-section-height-default elementor-section-height-default\" data-id=\"027056a\" data-element_type=\"section\" data-e-type=\"section\">\n\t\t\t\t\t\t<div class=\"elementor-container elementor-column-gap-default\">\n\t\t\t\t\t<div class=\"elementor-column elementor-col-50 elementor-inner-column elementor-element elementor-element-fc5aeb3\" data-id=\"fc5aeb3\" data-element_type=\"column\" data-e-type=\"column\">\n\t\t\t<div class=\"elementor-widget-wrap elementor-element-populated\">\n\t\t\t\t\t\t<div class=\"elementor-element elementor-element-6f07ad0 elementor-widget elementor-widget-text-editor\" data-id=\"6f07ad0\" data-element_type=\"widget\" data-e-type=\"widget\" data-widget_type=\"text-editor.default\">\n\t\t\t\t<div class=\"elementor-widget-container\">\n\t\t\t\t\t\t\t\t\t<p style=\"letter-spacing: normal;\">Die Gesellschaft ist nicht mehr die Gesellschaft. Das Publikum ist nicht mehr das Publikum. Die Themen sind nicht mehr die Themen. Kultur- und Bildungseinrichtungen, staatliche und gemeinn\u00fctzige Strukturen stehen vor einer gro\u00dfen Herausforderung. Und einer noch gr\u00f6\u00dferen Chance f\u00fcr alle, die sich bewegen und \u00f6ffnen. Sich zu professionalisieren, besser auszurichten, strukturell weiterzuentwickeln und manchmal auch neu zu erfinden: das ist in der jetzigen Zeit geboten.<\/p>\t\t\t\t\t\t\t\t<\/div>\n\t\t\t\t<\/div>\n\t\t\t\t<div class=\"elementor-element elementor-element-79c23a6 elementor-widget elementor-widget-text-editor\" data-id=\"79c23a6\" data-element_type=\"widget\" data-e-type=\"widget\" data-widget_type=\"text-editor.default\">\n\t\t\t\t<div class=\"elementor-widget-container\">\n\t\t\t\t\t\t\t\t\t<p style=\"letter-spacing: normal;\"><span style=\"font-size: 16px; letter-spacing: 0px;\">Wir begleiten und gestalten Ver\u00e4nderungsprozesse seit vielen Jahren f\u00fcr unterschiedlichste Auftraggeber*innen und Themenstellungen als moderierende Kraft. Aus dieser Erfahrung wissen wir: Vielfalt ist mehr als ein freundliches Entgegenkommen gegen\u00fcber bestimmten Zielgruppen. Sie ist die essenzielle Bedingung daf\u00fcr, sich flexibel auf neue Aufgaben, Altersstrukturen, kulturelle Hintergr\u00fcnde und die voranrasende Digitalisierung einzustellen. Um selbst zukunftsf\u00e4hig zu werden. Um weiterhin einen Beitrag zum gesellschaftlichen Diskurs und Zusammenhalt zu leisten und f\u00fcr mehr Gerechtigkeit zu sorgen. Und um den Wandel aktiv mitzugestalten.\u00a0<\/span><\/p>\t\t\t\t\t\t\t\t<\/div>\n\t\t\t\t<\/div>\n\t\t\t\t<div class=\"elementor-element elementor-element-33d2335 elementor-widget elementor-widget-text-editor\" data-id=\"33d2335\" data-element_type=\"widget\" data-e-type=\"widget\" data-widget_type=\"text-editor.default\">\n\t\t\t\t<div class=\"elementor-widget-container\">\n\t\t\t\t\t\t\t\t\t<p><span style=\"font-size: 16px; letter-spacing: 0px;\"><b>How can we support your event, project or process?<\/b><\/span><\/p>\n<ul>\n<li><span style=\"font-size: 16px;\">Mit der Moderation von Podiumsdiskussionen und Digital-Events, aber auch von Transformationsprozessen<\/span><\/li>\n<li><span style=\"font-size: 16px;\">Mit der Entwicklung und Umsetzung neuer Workshop- und Diskussionsformate<\/span><\/li>\n<li><span style=\"font-size: 16px;\">Mit Beitr\u00e4gen als Keynote-Speakerin oder mit dem Einsprechen von Textaufnahmen<\/span><\/li>\n<li><span style=\"font-size: 16px;\">Mit dem Konzipieren, Verfassen und Redigieren von Artikeln<\/span><\/li>\n<li><span style=\"font-size: 16px;\">Mit der Unterst\u00fctzung bei Kommunikationsaufgaben und -fragen<\/span><\/li>\n<\/ul>\t\t\t\t\t\t\t\t<\/div>\n\t\t\t\t<\/div>\n\t\t\t\t\t<\/div>\n\t\t<\/div>\n\t\t\t\t<div class=\"elementor-column elementor-col-50 elementor-inner-column elementor-element elementor-element-62736f4\" data-id=\"62736f4\" data-element_type=\"column\" data-e-type=\"column\">\n\t\t\t<div class=\"elementor-widget-wrap\">\n\t\t\t\t\t\t\t<\/div>\n\t\t<\/div>\n\t\t\t\t\t<\/div>\n\t\t<\/section>\n\t\t\t\t\t<\/div>\n\t\t<\/div>\n\t\t\t\t\t<\/div>\n\t\t<\/section>\n\t\t\t\t<section class=\"elementor-section elementor-top-section elementor-element elementor-element-7c6e3bec elementor-section-stretched elementor-section-full_width elementor-section-height-default elementor-section-height-default\" data-id=\"7c6e3bec\" data-element_type=\"section\" data-e-type=\"section\" data-settings=\"{&quot;stretch_section&quot;:&quot;section-stretched&quot;}\">\n\t\t\t\t\t\t<div class=\"elementor-container elementor-column-gap-default\">\n\t\t\t\t\t<div class=\"elementor-column elementor-col-100 elementor-top-column elementor-element elementor-element-79e18b95\" data-id=\"79e18b95\" data-element_type=\"column\" data-e-type=\"column\">\n\t\t\t<div class=\"elementor-widget-wrap\">\n\t\t\t\t\t\t\t<\/div>\n\t\t<\/div>\n\t\t\t\t\t<\/div>\n\t\t<\/section>\n\t\t\t\t<section class=\"elementor-section elementor-top-section elementor-element elementor-element-0fc639d elementor-section-stretched elementor-section-boxed elementor-section-height-default elementor-section-height-default\" data-id=\"0fc639d\" data-element_type=\"section\" data-e-type=\"section\" data-settings=\"{&quot;stretch_section&quot;:&quot;section-stretched&quot;}\">\n\t\t\t\t\t\t<div class=\"elementor-container elementor-column-gap-default\">\n\t\t\t\t\t<div class=\"elementor-column elementor-col-100 elementor-top-column elementor-element elementor-element-004adfa\" data-id=\"004adfa\" data-element_type=\"column\" data-e-type=\"column\">\n\t\t\t<div class=\"elementor-widget-wrap elementor-element-populated\">\n\t\t\t\t\t\t<div class=\"elementor-element elementor-element-56b15ab1 elementor-widget elementor-widget-text-editor\" data-id=\"56b15ab1\" data-element_type=\"widget\" data-e-type=\"widget\" data-widget_type=\"text-editor.default\">\n\t\t\t\t<div class=\"elementor-widget-container\">\n\t\t\t\t\t\t\t\t\t<p><\/p>\n<p>BOX Kurz-Portr\u00e4t Prasanna<\/p>\n<p><\/p>\n<p><\/p>\n<p><\/p>\t\t\t\t\t\t\t\t<\/div>\n\t\t\t\t<\/div>\n\t\t\t\t<div class=\"elementor-element elementor-element-606d2ef elementor-widget elementor-widget-text-editor\" data-id=\"606d2ef\" data-element_type=\"widget\" data-e-type=\"widget\" data-widget_type=\"text-editor.default\">\n\t\t\t\t<div class=\"elementor-widget-container\">\n\t\t\t\t\t\t\t\t\t<p>TEASER-BOX 2er: Moderation \/ Kommunikation<\/span><\/p>\t\t\t\t\t\t\t\t<\/div>\n\t\t\t\t<\/div>\n\t\t\t\t<div class=\"elementor-element elementor-element-eccf79c elementor-widget elementor-widget-text-editor\" data-id=\"eccf79c\" data-element_type=\"widget\" data-e-type=\"widget\" data-widget_type=\"text-editor.default\">\n\t\t\t\t<div class=\"elementor-widget-container\">\n\t\t\t\t\t\t\t\t\t<p>SH: Eine Auswahl unserer Auftraggeber*innen (REFERENZEN Logo-Sammlung)<\/span><\/p>\t\t\t\t\t\t\t\t<\/div>\n\t\t\t\t<\/div>\n\t\t\t\t\t<\/div>\n\t\t<\/div>\n\t\t\t\t\t<\/div>\n\t\t<\/section>\n\t\t\t\t<section class=\"elementor-section elementor-top-section elementor-element elementor-element-df8bb93 elementor-section-stretched elementor-section-boxed elementor-section-height-default elementor-section-height-default\" data-id=\"df8bb93\" data-element_type=\"section\" data-e-type=\"section\" data-settings=\"{&quot;stretch_section&quot;:&quot;section-stretched&quot;}\">\n\t\t\t\t\t\t<div class=\"elementor-container elementor-column-gap-default\">\n\t\t\t\t\t<div class=\"elementor-column elementor-col-100 elementor-top-column elementor-element elementor-element-c7b7045\" data-id=\"c7b7045\" data-element_type=\"column\" data-e-type=\"column\">\n\t\t\t<div class=\"elementor-widget-wrap\">\n\t\t\t\t\t\t\t<\/div>\n\t\t<\/div>\n\t\t\t\t\t<\/div>\n\t\t<\/section>\n\t\t\t\t<\/div>","protected":false},"excerpt":{"rendered":"<p>Die Gesellschaft ist nicht mehr die Gesellschaft. Das Publikum ist nicht mehr das Publikum. Die Themen sind nicht mehr die Themen. Kultur- und Bildungseinrichtungen, staatliche und gemeinn\u00fctzige Strukturen stehen vor einer gro\u00dfen Herausforderung. Und einer noch gr\u00f6\u00dferen Chance f\u00fcr alle, die sich bewegen und \u00f6ffnen. Sich zu professionalisieren, besser auszurichten, strukturell weiterzuentwickeln und manchmal auch&hellip;<\/p>","protected":false},"author":1,"featured_media":0,"parent":0,"menu_order":0,"comment_status":"closed","ping_status":"closed","template":"page-templates\/fullwidth-page.php","meta":{"footnotes":""},"class_list":["post-8","page","type-page","status-publish","hentry","comments-closed","no-comments"],"yoast_head":"<!-- This site is optimized with the Yoast SEO plugin v27.4 - https:\/\/yoast.com\/product\/yoast-seo-wordpress\/ -->\n<title>Prasanna Oommen - moderating change<\/title>\n<meta name=\"description\" content=\"Wir begleiten und gestalten Ver\u00e4nderungsprozesse seit vielen Jahren als moderierende Kraft. Aus dieser Erfahrung wissen wir: Vielfalt ist mehr als ein freundliches Entgegenkommen gegen\u00fcber bestimmten Zielgruppen.\" \/>\n<meta name=\"robots\" content=\"index, follow, max-snippet:-1, max-image-preview:large, max-video-preview:-1\" \/>\n<link rel=\"canonical\" href=\"https:\/\/prasannaoommen.de\/en\/startseite\/\" \/>\n<meta property=\"og:locale\" content=\"en_GB\" \/>\n<meta property=\"og:type\" content=\"article\" \/>\n<meta property=\"og:title\" content=\"Prasanna Oommen - moderating change\" \/>\n<meta property=\"og:description\" content=\"Wir begleiten und gestalten Ver\u00e4nderungsprozesse seit vielen Jahren als moderierende Kraft. Aus dieser Erfahrung wissen wir: Vielfalt ist mehr als ein freundliches Entgegenkommen gegen\u00fcber bestimmten Zielgruppen.\" \/>\n<meta property=\"og:url\" content=\"https:\/\/prasannaoommen.de\/en\/startseite\/\" \/>\n<meta property=\"og:site_name\" content=\"Prasanna Oommen\" \/>\n<meta property=\"article:modified_time\" content=\"2021-01-29T12:18:57+00:00\" \/>\n<meta name=\"twitter:card\" content=\"summary_large_image\" \/>\n<meta name=\"twitter:label1\" content=\"Estimated reading time\" \/>\n\t<meta name=\"twitter:data1\" content=\"1 minute\" \/>\n<script type=\"application\/ld+json\" class=\"yoast-schema-graph\">{\"@context\":\"https:\\\/\\\/schema.org\",\"@graph\":[{\"@type\":\"WebPage\",\"@id\":\"https:\\\/\\\/prasannaoommen.de\\\/startseite\",\"url\":\"https:\\\/\\\/prasannaoommen.de\\\/startseite\",\"name\":\"Prasanna Oommen - moderating change\",\"isPartOf\":{\"@id\":\"https:\\\/\\\/prasannaoommen.de\\\/#website\"},\"datePublished\":\"2020-03-30T11:17:55+00:00\",\"dateModified\":\"2021-01-29T12:18:57+00:00\",\"description\":\"Wir begleiten und gestalten Ver\u00e4nderungsprozesse seit vielen Jahren als moderierende Kraft. Aus dieser Erfahrung wissen wir: Vielfalt ist mehr als ein freundliches Entgegenkommen gegen\u00fcber bestimmten Zielgruppen.\",\"breadcrumb\":{\"@id\":\"https:\\\/\\\/prasannaoommen.de\\\/startseite#breadcrumb\"},\"inLanguage\":\"en-GB\",\"potentialAction\":[{\"@type\":\"ReadAction\",\"target\":[\"https:\\\/\\\/prasannaoommen.de\\\/startseite\"]}]},{\"@type\":\"BreadcrumbList\",\"@id\":\"https:\\\/\\\/prasannaoommen.de\\\/startseite#breadcrumb\",\"itemListElement\":[{\"@type\":\"ListItem\",\"position\":1,\"name\":\"Startseite\",\"item\":\"https:\\\/\\\/prasannaoommen.de\\\/\"},{\"@type\":\"ListItem\",\"position\":2,\"name\":\"moderating change\"}]},{\"@type\":\"WebSite\",\"@id\":\"https:\\\/\\\/prasannaoommen.de\\\/#website\",\"url\":\"https:\\\/\\\/prasannaoommen.de\\\/\",\"name\":\"Prasanna Oommen\",\"description\":\"moderating change\",\"publisher\":{\"@id\":\"https:\\\/\\\/prasannaoommen.de\\\/#organization\"},\"potentialAction\":[{\"@type\":\"SearchAction\",\"target\":{\"@type\":\"EntryPoint\",\"urlTemplate\":\"https:\\\/\\\/prasannaoommen.de\\\/?s={search_term_string}\"},\"query-input\":{\"@type\":\"PropertyValueSpecification\",\"valueRequired\":true,\"valueName\":\"search_term_string\"}}],\"inLanguage\":\"en-GB\"},{\"@type\":\"Organization\",\"@id\":\"https:\\\/\\\/prasannaoommen.de\\\/#organization\",\"name\":\"Prasanna Oommen\",\"url\":\"https:\\\/\\\/prasannaoommen.de\\\/\",\"logo\":{\"@type\":\"ImageObject\",\"inLanguage\":\"en-GB\",\"@id\":\"https:\\\/\\\/prasannaoommen.de\\\/#\\\/schema\\\/logo\\\/image\\\/\",\"url\":\"https:\\\/\\\/prasannaoommen.de\\\/wp-content\\\/uploads\\\/2020\\\/12\\\/prasanna_oommen_logo_sw.png\",\"contentUrl\":\"https:\\\/\\\/prasannaoommen.de\\\/wp-content\\\/uploads\\\/2020\\\/12\\\/prasanna_oommen_logo_sw.png\",\"width\":617,\"height\":114,\"caption\":\"Prasanna Oommen\"},\"image\":{\"@id\":\"https:\\\/\\\/prasannaoommen.de\\\/#\\\/schema\\\/logo\\\/image\\\/\"}}]}<\/script>\n<!-- \/ Yoast SEO plugin. -->","yoast_head_json":{"title":"Prasanna Oommen - moderating change","description":"We have been hosting and guiding the change process for many years. Thanks to this wealth of experience, we know that diversity means more than simply making concessions or paying lip service to specific societal groups.","robots":{"index":"index","follow":"follow","max-snippet":"max-snippet:-1","max-image-preview":"max-image-preview:large","max-video-preview":"max-video-preview:-1"},"canonical":"https:\/\/prasannaoommen.de\/en\/startseite\/","og_locale":"en_GB","og_type":"article","og_title":"Prasanna Oommen - moderating change","og_description":"Wir begleiten und gestalten Ver\u00e4nderungsprozesse seit vielen Jahren als moderierende Kraft. Aus dieser Erfahrung wissen wir: Vielfalt ist mehr als ein freundliches Entgegenkommen gegen\u00fcber bestimmten Zielgruppen.","og_url":"https:\/\/prasannaoommen.de\/en\/startseite\/","og_site_name":"Prasanna Oommen","article_modified_time":"2021-01-29T12:18:57+00:00","twitter_card":"summary_large_image","twitter_misc":{"Estimated reading time":"1 minute"},"schema":{"@context":"https:\/\/schema.org","@graph":[{"@type":"WebPage","@id":"https:\/\/prasannaoommen.de\/startseite","url":"https:\/\/prasannaoommen.de\/startseite","name":"Prasanna Oommen - moderating change","isPartOf":{"@id":"https:\/\/prasannaoommen.de\/#website"},"datePublished":"2020-03-30T11:17:55+00:00","dateModified":"2021-01-29T12:18:57+00:00","description":"We have been hosting and guiding the change process for many years. Thanks to this wealth of experience, we know that diversity means more than simply making concessions or paying lip service to specific societal groups.","breadcrumb":{"@id":"https:\/\/prasannaoommen.de\/startseite#breadcrumb"},"inLanguage":"en-GB","potentialAction":[{"@type":"ReadAction","target":["https:\/\/prasannaoommen.de\/startseite"]}]},{"@type":"BreadcrumbList","@id":"https:\/\/prasannaoommen.de\/startseite#breadcrumb","itemListElement":[{"@type":"ListItem","position":1,"name":"Startseite","item":"https:\/\/prasannaoommen.de\/"},{"@type":"ListItem","position":2,"name":"moderating change"}]},{"@type":"WebSite","@id":"https:\/\/prasannaoommen.de\/#website","url":"https:\/\/prasannaoommen.de\/","name":"Prasanna Oommen","description":"moderating change","publisher":{"@id":"https:\/\/prasannaoommen.de\/#organization"},"potentialAction":[{"@type":"SearchAction","target":{"@type":"EntryPoint","urlTemplate":"https:\/\/prasannaoommen.de\/?s={search_term_string}"},"query-input":{"@type":"PropertyValueSpecification","valueRequired":true,"valueName":"search_term_string"}}],"inLanguage":"en-GB"},{"@type":"Organization","@id":"https:\/\/prasannaoommen.de\/#organization","name":"Prasanna Oommen","url":"https:\/\/prasannaoommen.de\/","logo":{"@type":"ImageObject","inLanguage":"en-GB","@id":"https:\/\/prasannaoommen.de\/#\/schema\/logo\/image\/","url":"https:\/\/prasannaoommen.de\/wp-content\/uploads\/2020\/12\/prasanna_oommen_logo_sw.png","contentUrl":"https:\/\/prasannaoommen.de\/wp-content\/uploads\/2020\/12\/prasanna_oommen_logo_sw.png","width":617,"height":114,"caption":"Prasanna Oommen"},"image":{"@id":"https:\/\/prasannaoommen.de\/#\/schema\/logo\/image\/"}}]}},"_links":{"self":[{"href":"https:\/\/prasannaoommen.de\/en\/wp-json\/wp\/v2\/pages\/8","targetHints":{"allow":["GET"]}}],"collection":[{"href":"https:\/\/prasannaoommen.de\/en\/wp-json\/wp\/v2\/pages"}],"about":[{"href":"https:\/\/prasannaoommen.de\/en\/wp-json\/wp\/v2\/types\/page"}],"author":[{"embeddable":true,"href":"https:\/\/prasannaoommen.de\/en\/wp-json\/wp\/v2\/users\/1"}],"replies":[{"embeddable":true,"href":"https:\/\/prasannaoommen.de\/en\/wp-json\/wp\/v2\/comments?post=8"}],"version-history":[{"count":69,"href":"https:\/\/prasannaoommen.de\/en\/wp-json\/wp\/v2\/pages\/8\/revisions"}],"predecessor-version":[{"id":3559,"href":"https:\/\/prasannaoommen.de\/en\/wp-json\/wp\/v2\/pages\/8\/revisions\/3559"}],"wp:attachment":[{"href":"https:\/\/prasannaoommen.de\/en\/wp-json\/wp\/v2\/media?parent=8"}],"curies":[{"name":"wp","href":"https:\/\/api.w.org\/{rel}","templated":true}]}}